{"id":1183,"date":"2025-09-11T17:21:47","date_gmt":"2025-09-11T15:21:47","guid":{"rendered":"https:\/\/nowa.safe.gdynia.pl\/?page_id=1183"},"modified":"2025-09-25T20:55:18","modified_gmt":"2025-09-25T18:55:18","slug":"dzialy","status":"publish","type":"page","link":"https:\/\/nowa.safe.gdynia.pl\/en\/dzialy\/","title":{"rendered":"DIVISIONS"},"content":{"rendered":"<div id=\"fws_69edd34ea4790\"  data-column-margin=\"default\" data-midnight=\"dark\"  class=\"wpb_row vc_row-fluid vc_row\"  style=\"padding-top: 0px; padding-bottom: 0px; \"><div class=\"row-bg-wrap\" data-bg-animation=\"none\" data-bg-animation-delay=\"\" data-bg-overlay=\"false\"><div class=\"inner-wrap row-bg-layer\" ><div class=\"row-bg viewport-desktop\"  style=\"\"><\/div><\/div><\/div><div class=\"row_col_wrap_12 col span_12 dark left\">\n\t<div  class=\"vc_col-sm-12 wpb_column column_container vc_column_container col no-extra-padding inherit_tablet inherit_phone\"  data-padding-pos=\"all\" data-has-bg-color=\"false\" data-bg-color=\"\" data-bg-opacity=\"1\" data-animation=\"\" data-delay=\"0\" >\n\t\t<div class=\"vc_column-inner\" >\n\t\t\t<div class=\"wpb_wrapper\">\n\t\t\t\t<style type=\"text\/css\">@media only screen and (min-width: 1300px) { #nectar-slider-instance-1, #nectar-slider-instance-1 .swiper-container { height: 500px; }  } @media only screen and (max-width: 1299px) { #nectar-slider-instance-1, #nectar-slider-instance-1 .swiper-container { height: 416.66666666667px; }  } @media only screen and (max-width: 1000px) { #nectar-slider-instance-1, #nectar-slider-instance-1 .swiper-container { height: 357.14285714286px; }  } @media only screen and (max-width: 690px) { #nectar-slider-instance-1, #nectar-slider-instance-1 .swiper-container { height: 185.18518518519px; }  } <\/style><div data-midnight=\"nectar-slider\" class=\"parallax_slider_outer\"><div  data-transition=\"slide\" data-overall_style=\"classic\" data-flexible-height=\"\" data-animate-in-effect=\"none\" data-fullscreen=\"false\" data-button-sizing=\"regular\" data-button-styling=\"btn_with_count\" data-autorotate=\"\" data-parallax=\"true\" data-parallax-disable-mobile=\"\" data-caption-trans=\"fade_in_from_bottom\" data-parallax-style=\"bg_only\" data-bg-animation=\"none\" data-full-width=\"true\" class=\"nectar-slider-wrap\" id=\"nectar-slider-instance-1\"><div class=\"swiper-container\"  data-tho=\"auto\" data-tco=\"auto\" data-pho=\"auto\" data-pco=\"auto\" data-loop=\"false\" data-height=\"500\" data-min-height=\"\" data-arrows=\"false\" data-bullets=\"false\" data-bullet_style=\"see_through\" data-bullet_position=\"bottom\" data-desktop-swipe=\"true\" data-settings=\"\"> <div class=\"swiper-wrapper\"><div class=\"swiper-slide\" data-desktop-content-width=\"auto\" data-tablet-content-width=\"auto\" data-bg-alignment=\"center\" data-color-scheme=\"light\" data-x-pos=\"left\" data-y-pos=\"middle\" ><div class=\"slide-bg-wrap\"><div class=\"image-bg\" style=\"background-image: url(https:\/\/nowa.safe.gdynia.pl\/wp-content\/uploads\/2025\/09\/AdobeStock_366021909-scaled.jpeg);\"> &nbsp; <\/div><div class=\"slide-bg-overlay\" style=\"background-color: #004d77;\"> &nbsp; <\/div><\/div><div class=\"container\">\n\t\t\t\t\t\t<div class=\"content\"><h2 class=\"ns-heading-el\">Repairs &amp; Anti-Corrosion Systems<\/h2><\/div>\n\t\t\t\t\t\t\t\t<\/div><!--\/container--><div class=\"video-texture active_texture\"> <span class=\"ie-fix\"><\/span> <\/div><\/div> <!--\/swiper-slide--><\/div><div class=\"nectar-slider-loading\"> <span class=\"loading-icon none\">   <\/span> <\/div> <\/div> \n\t\t\t\t\t\n\t\t\t\t\t<\/div><\/div>\n\t\t\t<\/div> \n\t\t<\/div>\n\t<\/div> \n<\/div><\/div>\n\t\t<div id=\"fws_69edd34ea931f\"  data-column-margin=\"default\" data-midnight=\"dark\"  class=\"wpb_row vc_row-fluid vc_row\"  style=\"padding-top: 0px; padding-bottom: 0px; \"><div class=\"row-bg-wrap\" data-bg-animation=\"none\" data-bg-animation-delay=\"\" data-bg-overlay=\"false\"><div class=\"inner-wrap row-bg-layer\" ><div class=\"row-bg viewport-desktop\"  style=\"\"><\/div><\/div><\/div><div class=\"row_col_wrap_12 col span_12 dark left\">\n\t<div  class=\"vc_col-sm-12 wpb_column column_container vc_column_container col no-extra-padding inherit_tablet inherit_phone\"  data-padding-pos=\"all\" data-has-bg-color=\"false\" data-bg-color=\"\" data-bg-opacity=\"1\" data-animation=\"\" data-delay=\"0\" >\n\t\t<div class=\"vc_column-inner\" >\n\t\t\t<div class=\"wpb_wrapper\">\n\t\t\t\t<div class=\"divider-wrap\" data-alignment=\"default\"><div style=\"height: 45px;\" class=\"divider\"><\/div><\/div><div class=\"nectar-split-heading\" data-align=\"default\" data-m-align=\"inherit\" data-text-effect=\"default\" data-animation-type=\"line-reveal-by-space\" data-animation-delay=\"0\" data-animation-offset=\"\" data-m-rm-animation=\"\" data-stagger=\"\" data-custom-font-size=\"false\" ><h3 >REPAIRS<\/h3><\/div><div class=\"divider-wrap\" data-alignment=\"default\"><div style=\"height: 10px;\" class=\"divider\"><\/div><\/div>\n\t\t\t<\/div> \n\t\t<\/div>\n\t<\/div> \n<\/div><\/div>\n\t\t<div id=\"fws_69edd34ea9c9d\"  data-column-margin=\"default\" data-midnight=\"dark\"  class=\"wpb_row vc_row-fluid vc_row\"  style=\"padding-top: 0px; padding-bottom: 0px; \"><div class=\"row-bg-wrap\" data-bg-animation=\"none\" data-bg-animation-delay=\"\" data-bg-overlay=\"false\"><div class=\"inner-wrap row-bg-layer\" ><div class=\"row-bg viewport-desktop\"  style=\"\"><\/div><\/div><\/div><div class=\"row_col_wrap_12 col span_12 dark left\">\n\t<div  class=\"vc_col-sm-6 wpb_column column_container vc_column_container col no-extra-padding inherit_tablet inherit_phone\"  data-padding-pos=\"all\" data-has-bg-color=\"false\" data-bg-color=\"\" data-bg-opacity=\"1\" data-animation=\"\" data-delay=\"0\" >\n\t\t<div class=\"vc_column-inner\" >\n\t\t\t<div class=\"wpb_wrapper\">\n\t\t\t\t\n<div class=\"wpb_text_column wpb_content_element  wpb_animate_when_almost_visible wpb_fadeIn fadeIn\" >\n\t<div class=\"wpb_wrapper\">\n\t\t<h3>Ship repairs<\/h3>\n<p>We offer our clients a full range of services in ship repairs, class inspections, conversions, and vessel life extensions.<\/p>\n<p>As part of these repair works, we carry out:<\/p>\n<ul>\n<li>Hull works \u2013 hull construction, sections for vessel lengthening, steel replacement on repaired ships, etc.<\/li>\n<li>Maintenance and painting works \u2013 high-pressure water cleaning, sandblasting and painting of the hull, tanks, cargo holds, etc.<\/li>\n<li>Piping works \u2013 construction and replacement of steel, copper, stainless steel, and plastic pipelines.<\/li>\n<li>Machinery works \u2013 overhauls and installation of main engines, generator sets, pumps, heat exchangers, shaft lines, steering gears, bow thrusters, deck machinery, etc.<\/li>\n<li>Electrical works \u2013 replacement and installation of all electrical systems on the vessel, including navigation systems.<\/li>\n<li>Carpentry works \u2013 replacement and construction of the full range of ship accommodation areas.<\/li>\n<\/ul>\n<p>We are prepared to meet any request of the Shipowner related to the repair or conversion of the vessel carried out by us.<\/p>\n\t<\/div>\n<\/div>\n\n\n\n\n\t\t\t<\/div> \n\t\t<\/div>\n\t<\/div> \n\n\t<div  class=\"vc_col-sm-6 wpb_column column_container vc_column_container col no-extra-padding inherit_tablet inherit_phone\"  data-padding-pos=\"all\" data-has-bg-color=\"false\" data-bg-color=\"\" data-bg-opacity=\"1\" data-animation=\"\" data-delay=\"0\" >\n\t\t<div class=\"vc_column-inner\" >\n\t\t\t<div class=\"wpb_wrapper\">\n\t\t\t\t\n<div class=\"wpb_text_column wpb_content_element  wpb_animate_when_almost_visible wpb_fadeIn fadeIn\" >\n\t<div class=\"wpb_wrapper\">\n\t\t<h3>Floating dock \u2013 repair conditions<\/h3>\n<p>Safe has one floating dock with the following parameters:<\/p>\n<ul>\n<li>Overall length \u2013 150.00 m<\/li>\n<li>Inner width \u2013 24.70 m<\/li>\n<li>Lifting capacity \u2013 6,000 tons<\/li>\n<li>PRS class<\/li>\n<li>Dock cranes 2 \u00d7 5 tons<\/li>\n<\/ul>\n<p>In addition, Safe has quays with a total length of 300 m. The quays are equipped with utilities and a 1 \u00d7 30-ton crane.<\/p>\n<p>There is also a possibility of additional berthing for vessels with a total length of 300 m.<\/p>\n<p>Safe has mechanical workshops, a locksmith\u2019s workshop, a storage warehouse, and laydown areas.<\/p>\n<p>Safe employs 65 production workers in various shipyard trades. The company makes extensive use of subcontractors for hull, piping, electrical, and outfitting works.<\/p>\n\t<\/div>\n<\/div>\n\n\n\n\n\t\t\t<\/div> \n\t\t<\/div>\n\t<\/div> \n<\/div><\/div>\n\t\t<div id=\"fws_69edd34eaa6a1\"  data-column-margin=\"default\" data-midnight=\"dark\"  class=\"wpb_row vc_row-fluid vc_row\"  style=\"padding-top: 0px; padding-bottom: 0px; \"><div class=\"row-bg-wrap\" data-bg-animation=\"none\" data-bg-animation-delay=\"\" data-bg-overlay=\"false\"><div class=\"inner-wrap row-bg-layer\" ><div class=\"row-bg viewport-desktop\"  style=\"\"><\/div><\/div><\/div><div class=\"row_col_wrap_12 col span_12 dark left\">\n\t<div  class=\"vc_col-sm-12 wpb_column column_container vc_column_container col no-extra-padding inherit_tablet inherit_phone\"  data-padding-pos=\"all\" data-has-bg-color=\"false\" data-bg-color=\"\" data-bg-opacity=\"1\" data-animation=\"\" data-delay=\"0\" >\n\t\t<div class=\"vc_column-inner\" >\n\t\t\t<div class=\"wpb_wrapper\">\n\t\t\t\t\n\t<div class=\"wpb_gallery wpb_content_element clearfix\">\n\t\t<div class=\"wpb_wrapper\"><div class=\"wpb_gallery_slidesflickity_style\" data-onclick=\"link_image\" data-interval=\"5\"><div class=\"nectar-flickity not-initialized\"  data-touch-icon-color=\"default\" data-stagger=\"\" data-drag-scale=\"\" data-overflow=\"hidden\" data-wrap=\"no-wrap\" data-spacing=\"default\" data-shadow=\"none\" data-autoplay=\"\" data-autoplay-dur=\"\" data-free-scroll=\"\" data-controls=\"pagination\" data-desktop-columns=\"4\" data-small-desktop-columns=\"1\" data-tablet-columns=\"1\" data-phone-columns=\"1\"><div class=\"flickity-viewport\"> <div class=\"flickity-slider\"><div class=\"cell\" data-lazy=\"false\"><img decoding=\"async\" class=\"skip-lazy nectar-lazy\" src=\"https:\/\/nowa.safe.gdynia.pl\/wp-content\/uploads\/2025\/09\/1-2-1-600x400.jpg\" width=\"600\" height=\"400\" alt=\"1-2\" title=\"1-2\" loading=\"lazy\" \/><a class=\"entire-slide-link\"  href=\"https:\/\/nowa.safe.gdynia.pl\/wp-content\/uploads\/2025\/09\/1-2-1.jpg\"><\/a><\/div><div class=\"cell\" data-lazy=\"false\"><img decoding=\"async\" class=\"skip-lazy nectar-lazy\" src=\"https:\/\/nowa.safe.gdynia.pl\/wp-content\/uploads\/2025\/09\/2-2-600x400.jpg\" width=\"600\" height=\"400\" alt=\"2-2\" title=\"2-2\" loading=\"lazy\" \/><a class=\"entire-slide-link\"  href=\"https:\/\/nowa.safe.gdynia.pl\/wp-content\/uploads\/2025\/09\/2-2.jpg\"><\/a><\/div><div class=\"cell\" data-lazy=\"false\"><img decoding=\"async\" class=\"skip-lazy nectar-lazy\" src=\"https:\/\/nowa.safe.gdynia.pl\/wp-content\/uploads\/2025\/09\/3-2-600x400.jpg\" width=\"600\" height=\"400\" alt=\"3-2\" title=\"3-2\" loading=\"lazy\" \/><a class=\"entire-slide-link\"  href=\"https:\/\/nowa.safe.gdynia.pl\/wp-content\/uploads\/2025\/09\/3-2.jpg\"><\/a><\/div><div class=\"cell\" data-lazy=\"false\"><img decoding=\"async\" class=\"skip-lazy nectar-lazy\" src=\"https:\/\/nowa.safe.gdynia.pl\/wp-content\/uploads\/2025\/09\/4-2-1.jpg\" width=\"500\" height=\"333\" alt=\"4-2\" title=\"4-2\" loading=\"lazy\" \/><a class=\"entire-slide-link\"  href=\"https:\/\/nowa.safe.gdynia.pl\/wp-content\/uploads\/2025\/09\/4-2-1.jpg\"><\/a><\/div><\/div><\/div><\/div><\/div>\n\t\t<\/div> \n\t<\/div> \n\t\t\t<\/div> \n\t\t<\/div>\n\t<\/div> \n<\/div><\/div>\n\t\t<div id=\"fws_69edd34eae73b\"  data-column-margin=\"default\" data-midnight=\"dark\"  class=\"wpb_row vc_row-fluid vc_row\"  style=\"padding-top: 0px; padding-bottom: 0px; \"><div class=\"row-bg-wrap\" data-bg-animation=\"none\" data-bg-animation-delay=\"\" data-bg-overlay=\"false\"><div class=\"inner-wrap row-bg-layer\" ><div class=\"row-bg viewport-desktop\"  style=\"\"><\/div><\/div><\/div><div class=\"row_col_wrap_12 col span_12 dark left\">\n\t<div  class=\"vc_col-sm-12 wpb_column column_container vc_column_container col no-extra-padding inherit_tablet inherit_phone\"  data-padding-pos=\"all\" data-has-bg-color=\"false\" data-bg-color=\"\" data-bg-opacity=\"1\" data-animation=\"\" data-delay=\"0\" >\n\t\t<div class=\"vc_column-inner\" >\n\t\t\t<div class=\"wpb_wrapper\">\n\t\t\t\t<div class=\"divider-wrap\" data-alignment=\"default\"><div style=\"height: 45px;\" class=\"divider\"><\/div><\/div><div class=\"nectar-split-heading\" data-align=\"default\" data-m-align=\"inherit\" data-text-effect=\"default\" data-animation-type=\"line-reveal-by-space\" data-animation-delay=\"0\" data-animation-offset=\"\" data-m-rm-animation=\"\" data-stagger=\"\" data-custom-font-size=\"false\" ><h3 >DZIA\u0141 ANTYKOROZJI<\/h3><\/div><div class=\"divider-wrap\" data-alignment=\"default\"><div style=\"height: 10px;\" class=\"divider\"><\/div><\/div>\n\t\t\t<\/div> \n\t\t<\/div>\n\t<\/div> \n<\/div><\/div>\n\t\t<div id=\"fws_69edd34eaef0e\"  data-column-margin=\"default\" data-midnight=\"dark\"  class=\"wpb_row vc_row-fluid vc_row\"  style=\"padding-top: 0px; padding-bottom: 0px; \"><div class=\"row-bg-wrap\" data-bg-animation=\"none\" data-bg-animation-delay=\"\" data-bg-overlay=\"false\"><div class=\"inner-wrap row-bg-layer\" ><div class=\"row-bg viewport-desktop\"  style=\"\"><\/div><\/div><\/div><div class=\"row_col_wrap_12 col span_12 dark left\">\n\t<div  class=\"vc_col-sm-6 wpb_column column_container vc_column_container col no-extra-padding inherit_tablet inherit_phone\"  data-padding-pos=\"all\" data-has-bg-color=\"false\" data-bg-color=\"\" data-bg-opacity=\"1\" data-animation=\"\" data-delay=\"0\" >\n\t\t<div class=\"vc_column-inner\" >\n\t\t\t<div class=\"wpb_wrapper\">\n\t\t\t\t\n<div class=\"wpb_text_column wpb_content_element  wpb_animate_when_almost_visible wpb_fadeIn fadeIn\" >\n\t<div class=\"wpb_wrapper\">\n\t\t<h3>Scope of activity<\/h3>\n<p>The Anti-Corrosion Department has existed since the establishment of the company in 1995. Our strengths are:<\/p>\n<ul>\n<li>qualified and experienced staff<\/li>\n<li>state-of-the-art painting equipment and facilities (compressors, dehumidifiers, heaters, painting units, metallization units, etc.)<\/li>\n<li>qualified staff supervising the quality and timeliness of the works performed<\/li>\n<\/ul>\n<p>We meet quality standards and environmental requirements.<\/p>\n<p>We provide anti-corrosion services for new vessels, offshore structures, bridges, and units undergoing repairs, such as:<\/p>\n<ul>\n<li>metallization with zinc, aluminium, and its alloys<\/li>\n<li>shot blasting, sandblasting, dedusting<\/li>\n<li>protection of flue gas desulphurization installations<\/li>\n<li>insulation<\/li>\n<li>application of FLAME CONTROL and CHARTEK coatings<\/li>\n<li>hydro-blasting<\/li>\n<li>application of SAFEGRIP and HUMMERVOLL epoxy floors<\/li>\n<\/ul>\n<p>Anti-corrosion works on drilling platforms carried out in accordance with NORSOK standards.<\/p>\n<p>We carry out anti-corrosion works in shipyards and power plants in Poland and abroad (Germany, France, United Kingdom, Finland, Turkey, Denmark).<\/p>\n<h3>Painting equipment and facilities<\/h3>\n<ul>\n<li>Diesel and electric compressors<\/li>\n<li>Abrasive blasting equipment \u2013 blasting tower\/silo + four-station sandblaster, mobile four-station sandblaster, CLEMICO cleaner<\/li>\n<li>Dust-free abrasive blasting equipment<\/li>\n<li>High-pressure water cleaning equipment<\/li>\n<li>Painting and thermal spray metallization units<\/li>\n<li>Exhaust extraction devices<\/li>\n<li>Air conditioners, fans, and diesel heaters<\/li>\n<li>Control and measuring instruments \u2013 coating thickness gauges, condition meters, and other parameter measuring devices<\/li>\n<\/ul>\n\t<\/div>\n<\/div>\n\n\n\n\n\t\t\t<\/div> \n\t\t<\/div>\n\t<\/div> \n\n\t<div  class=\"vc_col-sm-6 wpb_column column_container vc_column_container col no-extra-padding inherit_tablet inherit_phone\"  data-padding-pos=\"all\" data-has-bg-color=\"false\" data-bg-color=\"\" data-bg-opacity=\"1\" data-animation=\"\" data-delay=\"0\" >\n\t\t<div class=\"vc_column-inner\" >\n\t\t\t<div class=\"wpb_wrapper\">\n\t\t\t\t\n<div class=\"wpb_text_column wpb_content_element  wpb_animate_when_almost_visible wpb_fadeIn fadeIn\" >\n\t<div class=\"wpb_wrapper\">\n\t\t<h3>Achievements<\/h3>\n<p>Our main clients in the offshore market segment are:<\/p>\n<ul>\n<li>Statoil, ConocoPhillips, Lundin, Kvaerner Stord, Aker Solutions, Bladt Industries, Nymo AS<\/li>\n<\/ul>\n<p>In the shipyard market, our main clients are:<\/p>\n<ul>\n<li>Damen Shipyards, Peiniger Group, Remontowa Shipbuilding, Remontowa Group, Crist S.A., Gda\u0144sk Shipyard, Naval Shipyards in France and Poland<\/li>\n<\/ul>\n<p>We carry out works in accordance with the NORSOK M-501 standard and inspection requirements compliant with FROSIO Level III. The scope of works includes sandblasting and painting, metallization, application of flooring systems, and passive fire protection. In the last year, our company applied more than 300,000 m\u00b2 of anti-corrosion coatings on OFFSHORE structures and newly built vessels.<\/p>\n<p>In addition, we apply anti-corrosion coatings for the onshore and power industries in Poland and abroad. Our main clients are:<\/p>\n<ul>\n<li>PPRM P\u0142ock, Mostostal Pomorze S.A., Budimex, Port of Gdynia, Port of Gda\u0144sk<\/li>\n<li>Application of anti-corrosion coatings for sports halls, shopping centers (REAL, Carrefour), bridges (on the A1 road, Elbl\u0105g, P\u0142ock), the molasses terminal at the Port of Gdynia, and the grain terminal at the Port of Gda\u0144sk.<\/li>\n<\/ul>\n\t<\/div>\n<\/div>\n\n\n\n\n\t\t\t<\/div> \n\t\t<\/div>\n\t<\/div> \n<\/div><\/div>\n\t\t<div id=\"fws_69edd34eaf82d\"  data-column-margin=\"default\" data-midnight=\"dark\"  class=\"wpb_row vc_row-fluid vc_row\"  style=\"padding-top: 0px; padding-bottom: 0px; \"><div class=\"row-bg-wrap\" data-bg-animation=\"none\" data-bg-animation-delay=\"\" data-bg-overlay=\"false\"><div class=\"inner-wrap row-bg-layer\" ><div class=\"row-bg viewport-desktop\"  style=\"\"><\/div><\/div><\/div><div class=\"row_col_wrap_12 col span_12 dark left\">\n\t<div  class=\"vc_col-sm-12 wpb_column column_container vc_column_container col no-extra-padding inherit_tablet inherit_phone\"  data-padding-pos=\"all\" data-has-bg-color=\"false\" data-bg-color=\"\" data-bg-opacity=\"1\" data-animation=\"\" data-delay=\"0\" >\n\t\t<div class=\"vc_column-inner\" >\n\t\t\t<div class=\"wpb_wrapper\">\n\t\t\t\t\n\t<div class=\"wpb_gallery wpb_content_element clearfix\">\n\t\t<div class=\"wpb_wrapper\"><div class=\"wpb_gallery_slidesflickity_style\" data-onclick=\"link_image\" data-interval=\"5\"><div class=\"nectar-flickity not-initialized\"  data-touch-icon-color=\"default\" data-stagger=\"\" data-drag-scale=\"\" data-overflow=\"hidden\" data-wrap=\"no-wrap\" data-spacing=\"default\" data-shadow=\"none\" data-autoplay=\"\" data-autoplay-dur=\"\" data-free-scroll=\"\" data-controls=\"pagination\" data-desktop-columns=\"4\" data-small-desktop-columns=\"1\" data-tablet-columns=\"1\" data-phone-columns=\"1\"><div class=\"flickity-viewport\"> <div class=\"flickity-slider\"><div class=\"cell\" data-lazy=\"false\"><img decoding=\"async\" class=\"skip-lazy nectar-lazy\" src=\"https:\/\/nowa.safe.gdynia.pl\/wp-content\/uploads\/2025\/09\/1-4-600x400.jpg\" width=\"600\" height=\"400\" alt=\"1\" title=\"1\" loading=\"lazy\" \/><a class=\"entire-slide-link\"  href=\"https:\/\/nowa.safe.gdynia.pl\/wp-content\/uploads\/2025\/09\/1-4.jpg\"><\/a><\/div><div class=\"cell\" data-lazy=\"false\"><img decoding=\"async\" class=\"skip-lazy nectar-lazy\" src=\"https:\/\/nowa.safe.gdynia.pl\/wp-content\/uploads\/2025\/09\/2-3-600x400.jpg\" width=\"600\" height=\"400\" alt=\"2\" title=\"2\" loading=\"lazy\" \/><a class=\"entire-slide-link\"  href=\"https:\/\/nowa.safe.gdynia.pl\/wp-content\/uploads\/2025\/09\/2-3.jpg\"><\/a><\/div><div class=\"cell\" data-lazy=\"false\"><img decoding=\"async\" class=\"skip-lazy nectar-lazy\" src=\"https:\/\/nowa.safe.gdynia.pl\/wp-content\/uploads\/2025\/09\/3-3-600x400.jpg\" width=\"600\" height=\"400\" alt=\"3\" title=\"3\" loading=\"lazy\" \/><a class=\"entire-slide-link\"  href=\"https:\/\/nowa.safe.gdynia.pl\/wp-content\/uploads\/2025\/09\/3-3.jpg\"><\/a><\/div><div class=\"cell\" data-lazy=\"false\"><img decoding=\"async\" class=\"skip-lazy nectar-lazy\" src=\"https:\/\/nowa.safe.gdynia.pl\/wp-content\/uploads\/2025\/09\/4-1-600x400.jpg\" width=\"600\" height=\"400\" alt=\"4\" title=\"4\" loading=\"lazy\" \/><a class=\"entire-slide-link\"  href=\"https:\/\/nowa.safe.gdynia.pl\/wp-content\/uploads\/2025\/09\/4-1.jpg\"><\/a><\/div><div class=\"cell\" data-lazy=\"false\"><img decoding=\"async\" class=\"skip-lazy nectar-lazy\" src=\"https:\/\/nowa.safe.gdynia.pl\/wp-content\/uploads\/2025\/09\/5-2-600x400.jpg\" width=\"600\" height=\"400\" alt=\"5\" title=\"5\" loading=\"lazy\" \/><a class=\"entire-slide-link\"  href=\"https:\/\/nowa.safe.gdynia.pl\/wp-content\/uploads\/2025\/09\/5-2.jpg\"><\/a><\/div><div class=\"cell\" data-lazy=\"false\"><img decoding=\"async\" class=\"skip-lazy nectar-lazy\" src=\"https:\/\/nowa.safe.gdynia.pl\/wp-content\/uploads\/2025\/09\/6-1-600x400.jpg\" width=\"600\" height=\"400\" alt=\"6\" title=\"6\" loading=\"lazy\" \/><a class=\"entire-slide-link\"  href=\"https:\/\/nowa.safe.gdynia.pl\/wp-content\/uploads\/2025\/09\/6-1.jpg\"><\/a><\/div><div class=\"cell\" data-lazy=\"false\"><img decoding=\"async\" class=\"skip-lazy nectar-lazy\" src=\"https:\/\/nowa.safe.gdynia.pl\/wp-content\/uploads\/2025\/09\/7-1-600x400.jpg\" width=\"600\" height=\"400\" alt=\"7\" title=\"7\" loading=\"lazy\" \/><a class=\"entire-slide-link\"  href=\"https:\/\/nowa.safe.gdynia.pl\/wp-content\/uploads\/2025\/09\/7-1.jpg\"><\/a><\/div><div class=\"cell\" data-lazy=\"false\"><img decoding=\"async\" class=\"skip-lazy nectar-lazy\" src=\"https:\/\/nowa.safe.gdynia.pl\/wp-content\/uploads\/2025\/09\/8-1-600x400.jpg\" width=\"600\" height=\"400\" alt=\"8\" title=\"8\" loading=\"lazy\" \/><a class=\"entire-slide-link\"  href=\"https:\/\/nowa.safe.gdynia.pl\/wp-content\/uploads\/2025\/09\/8-1.jpg\"><\/a><\/div><\/div><\/div><\/div><\/div>\n\t\t<\/div> \n\t<\/div> \n\t\t\t<\/div> \n\t\t<\/div>\n\t<\/div> \n<\/div><\/div>","protected":false},"excerpt":{"rendered":"","protected":false},"author":1,"featured_media":0,"parent":0,"menu_order":0,"comment_status":"closed","ping_status":"closed","template":"","meta":{"footnotes":""},"class_list":["post-1183","page","type-page","status-publish"],"_links":{"self":[{"href":"https:\/\/nowa.safe.gdynia.pl\/en\/wp-json\/wp\/v2\/pages\/1183","targetHints":{"allow":["GET"]}}],"collection":[{"href":"https:\/\/nowa.safe.gdynia.pl\/en\/wp-json\/wp\/v2\/pages"}],"about":[{"href":"https:\/\/nowa.safe.gdynia.pl\/en\/wp-json\/wp\/v2\/types\/page"}],"author":[{"embeddable":true,"href":"https:\/\/nowa.safe.gdynia.pl\/en\/wp-json\/wp\/v2\/users\/1"}],"replies":[{"embeddable":true,"href":"https:\/\/nowa.safe.gdynia.pl\/en\/wp-json\/wp\/v2\/comments?post=1183"}],"version-history":[{"count":10,"href":"https:\/\/nowa.safe.gdynia.pl\/en\/wp-json\/wp\/v2\/pages\/1183\/revisions"}],"predecessor-version":[{"id":1264,"href":"https:\/\/nowa.safe.gdynia.pl\/en\/wp-json\/wp\/v2\/pages\/1183\/revisions\/1264"}],"wp:attachment":[{"href":"https:\/\/nowa.safe.gdynia.pl\/en\/wp-json\/wp\/v2\/media?parent=1183"}],"curies":[{"name":"wp","href":"https:\/\/api.w.org\/{rel}","templated":true}]}}