{"id":1208,"date":"2025-09-11T19:23:58","date_gmt":"2025-09-11T17:23:58","guid":{"rendered":"https:\/\/nowa.safe.gdynia.pl\/?page_id=1208"},"modified":"2025-09-11T19:56:11","modified_gmt":"2025-09-11T17:56:11","slug":"aktualnosci","status":"publish","type":"page","link":"https:\/\/nowa.safe.gdynia.pl\/en\/aktualnosci\/","title":{"rendered":"NEWS"},"content":{"rendered":"<div id=\"fws_69edd5e0b74e3\"  data-column-margin=\"default\" data-midnight=\"dark\"  class=\"wpb_row vc_row-fluid vc_row\"  style=\"padding-top: 0px; padding-bottom: 0px; \"><div class=\"row-bg-wrap\" data-bg-animation=\"none\" data-bg-animation-delay=\"\" data-bg-overlay=\"false\"><div class=\"inner-wrap row-bg-layer\" ><div class=\"row-bg viewport-desktop\"  style=\"\"><\/div><\/div><\/div><div class=\"row_col_wrap_12 col span_12 dark left\">\n\t<div  class=\"vc_col-sm-12 wpb_column column_container vc_column_container col no-extra-padding inherit_tablet inherit_phone\"  data-padding-pos=\"all\" data-has-bg-color=\"false\" data-bg-color=\"\" data-bg-opacity=\"1\" data-animation=\"\" data-delay=\"0\" >\n\t\t<div class=\"vc_column-inner\" >\n\t\t\t<div class=\"wpb_wrapper\">\n\t\t\t\t<style type=\"text\/css\">@media only screen and (min-width: 1300px) { #nectar-slider-instance-1, #nectar-slider-instance-1 .swiper-container { height: 500px; }  } @media only screen and (max-width: 1299px) { #nectar-slider-instance-1, #nectar-slider-instance-1 .swiper-container { height: 416.66666666667px; }  } @media only screen and (max-width: 1000px) { #nectar-slider-instance-1, #nectar-slider-instance-1 .swiper-container { height: 357.14285714286px; }  } @media only screen and (max-width: 690px) { #nectar-slider-instance-1, #nectar-slider-instance-1 .swiper-container { height: 185.18518518519px; }  } <\/style><div data-midnight=\"nectar-slider\" class=\"parallax_slider_outer\"><div  data-transition=\"slide\" data-overall_style=\"classic\" data-flexible-height=\"\" data-animate-in-effect=\"none\" data-fullscreen=\"false\" data-button-sizing=\"regular\" data-button-styling=\"btn_with_count\" data-autorotate=\"\" data-parallax=\"true\" data-parallax-disable-mobile=\"\" data-caption-trans=\"fade_in_from_bottom\" data-parallax-style=\"bg_only\" data-bg-animation=\"none\" data-full-width=\"true\" class=\"nectar-slider-wrap\" id=\"nectar-slider-instance-1\"><div class=\"swiper-container\"  data-tho=\"auto\" data-tco=\"auto\" data-pho=\"auto\" data-pco=\"auto\" data-loop=\"false\" data-height=\"500\" data-min-height=\"\" data-arrows=\"false\" data-bullets=\"false\" data-bullet_style=\"see_through\" data-bullet_position=\"bottom\" data-desktop-swipe=\"true\" data-settings=\"\"> <div class=\"swiper-wrapper\"><div class=\"swiper-slide\" data-desktop-content-width=\"auto\" data-tablet-content-width=\"auto\" data-bg-alignment=\"center\" data-color-scheme=\"light\" data-x-pos=\"left\" data-y-pos=\"middle\" ><div class=\"slide-bg-wrap\"><div class=\"image-bg\" style=\"background-image: url(https:\/\/nowa.safe.gdynia.pl\/wp-content\/uploads\/2025\/09\/AdobeStock_386239118-scaled.jpeg);\"> &nbsp; <\/div><div class=\"slide-bg-overlay\" style=\"background-color: #004977;\"> &nbsp; <\/div><\/div><div class=\"container\">\n\t\t\t\t\t\t<div class=\"content\"><h2 class=\"ns-heading-el\">Latest news<\/h2><\/div>\n\t\t\t\t\t\t\t\t<\/div><!--\/container--><div class=\"video-texture active_texture\"> <span class=\"ie-fix\"><\/span> <\/div><\/div> <!--\/swiper-slide--><\/div><div class=\"nectar-slider-loading\"> <span class=\"loading-icon none\">   <\/span> <\/div> <\/div> \n\t\t\t\t\t\n\t\t\t\t\t<\/div><\/div>\n\t\t\t<\/div> \n\t\t<\/div>\n\t<\/div> \n<\/div><\/div><div id=\"fws_69edd5e0b8fc6\" class=\"wpb_row legacy vc_row-fluid full-width-section standard_section\"  style=\"padding-top: 90px; padding-bottom: 65px; \"><div class=\"row-bg-wrap\"> <div class=\"row-bg  using-bg-color\" style=\"background-color: #fbfbfb; \"><\/div> <\/div><div class=\"col span_12 dark\">\n\t<div  class=\"vc_col-sm-12 wpb_column column_container vc_column_container col no-extra-padding inherit_tablet inherit_phone\"  data-padding-pos=\"all\" data-has-bg-color=\"false\" data-bg-color=\"\" data-bg-opacity=\"1\" data-animation=\"\" data-delay=\"0\" >\n\t\t<div class=\"vc_column-inner\" >\n\t\t\t<div class=\"wpb_wrapper\">\n\t\t\t\t\n    <div class=\"row blog-recent columns-4\" data-style=\"classic_enhanced\" data-color-scheme=\"light\" data-remove-post-date=\"\" data-remove-post-author=\"1\" data-remove-post-comment-number=\"1\" data-remove-post-nectar-love=\"1\">\n\n      \n      <div class=\"col span_3 post-1304 post type-post status-publish format-standard has-post-thumbnail category-wodowanie\" >\n\n        \n            <div class=\"inner-wrap post-1304 post type-post status-publish format-standard has-post-thumbnail category-wodowanie\">\n\n            <a href=\"https:\/\/nowa.safe.gdynia.pl\/en\/wodowanie-shoalbuster-shb2711\/\"  class=\"img-link\"><span class=\"post-featured-img\"><img loading=\"lazy\" decoding=\"async\" width=\"600\" height=\"403\" src=\"https:\/\/nowa.safe.gdynia.pl\/wp-content\/uploads\/2025\/10\/Shoalbuster_2711_ICE_Fairplay-37-600x403.jpg\" class=\"attachment-portfolio-thumb size-portfolio-thumb wp-post-image\" alt=\"\" title=\"\" sizes=\"auto, (min-width: 1300px) 25vw, (min-width: 1000px) 33vw, (min-width: 690px) 100vw, 100vw\" srcset=\"https:\/\/nowa.safe.gdynia.pl\/wp-content\/uploads\/2025\/10\/Shoalbuster_2711_ICE_Fairplay-37-600x403.jpg 600w, https:\/\/nowa.safe.gdynia.pl\/wp-content\/uploads\/2025\/10\/Shoalbuster_2711_ICE_Fairplay-37-16x12.jpg 16w, https:\/\/nowa.safe.gdynia.pl\/wp-content\/uploads\/2025\/10\/Shoalbuster_2711_ICE_Fairplay-37-400x269.jpg 400w\" \/><\/span><\/a><span class=\"meta-category\"><a class=\"wodowanie\" href=\"https:\/\/nowa.safe.gdynia.pl\/en\/category\/wodowanie\/\">wodowanie<\/a><\/span><a class=\"entire-meta-link\" href=\"https:\/\/nowa.safe.gdynia.pl\/en\/wodowanie-shoalbuster-shb2711\/\" ><span class=\"screen-reader-text\">The launching of the Shoalbuster SHB2711 vessel,<\/span><\/a>\n            <div class=\"article-content-wrap\">\n              <div class=\"post-header\">\n                <span class=\"meta\"> 2022-08-31 <\/span>\n                <h3 class=\"title\">The launching of the Shoalbuster SHB2711 vessel,<\/h3>\n              <\/div><!--\/post-header-->\n              <div class=\"excerpt\">\n                Wodowanie statku Shoalbuster SHB2711 o numerze budowy YN571831 odby\u0142o si\u0119 31.08.2022. Kad\u0142ub budowany jest dla stoczni Damen Shipyards Hardinxveld. Jest to kolejny z serii holownik\u00f3w. Dokumentacja techniczna zosta\u0142a wykonana i&hellip;              <\/div>\n            <\/div>\n\n            <div class=\"post-meta\">\n              <span class=\"meta-author\"> <a href=\"https:\/\/nowa.safe.gdynia.pl\/en\/author\/admin\/\"> <i class=\"icon-default-style icon-salient-m-user\"><\/i> admin<\/a> <\/span>\n\n              \n              <div class=\"nectar-love-wrap\">\n                <a href=\"#\" class=\"nectar-love\" id=\"nectar-love-1304\" title=\"Love this\"> <i class=\"icon-salient-heart-2\"><\/i><span class=\"love-text\">Love<\/span><span class=\"total_loves\"><span class=\"nectar-love-count\">0<\/span><\/span><\/a>              <\/div><!--\/nectar-love-wrap-->\n            <\/div>\n\n          <\/div>\n\n        \n      <\/div><!--\/col-->\n\n      \n      <div class=\"col span_3 post-1212 post type-post status-publish format-standard has-post-thumbnail category-wodowanie\" >\n\n        \n            <div class=\"inner-wrap post-1212 post type-post status-publish format-standard has-post-thumbnail category-wodowanie\">\n\n            <a href=\"https:\/\/nowa.safe.gdynia.pl\/en\/wodowanie-multicat-3313\/\"  class=\"img-link\"><span class=\"post-featured-img\"><img loading=\"lazy\" decoding=\"async\" width=\"600\" height=\"403\" src=\"https:\/\/nowa.safe.gdynia.pl\/wp-content\/uploads\/2022\/06\/1-2-600x403.jpg\" class=\"attachment-portfolio-thumb size-portfolio-thumb wp-post-image\" alt=\"\" title=\"\" sizes=\"auto, (min-width: 1300px) 25vw, (min-width: 1000px) 33vw, (min-width: 690px) 100vw, 100vw\" srcset=\"https:\/\/nowa.safe.gdynia.pl\/wp-content\/uploads\/2022\/06\/1-2-600x403.jpg 600w, https:\/\/nowa.safe.gdynia.pl\/wp-content\/uploads\/2022\/06\/1-2-900x604.jpg 900w, https:\/\/nowa.safe.gdynia.pl\/wp-content\/uploads\/2022\/06\/1-2-400x269.jpg 400w\" \/><\/span><\/a><span class=\"meta-category\"><a class=\"wodowanie\" href=\"https:\/\/nowa.safe.gdynia.pl\/en\/category\/wodowanie\/\">wodowanie<\/a><\/span><a class=\"entire-meta-link\" href=\"https:\/\/nowa.safe.gdynia.pl\/en\/wodowanie-multicat-3313\/\" ><span class=\"screen-reader-text\">WODOWANIE MULTICAT 3313<\/span><\/a>\n            <div class=\"article-content-wrap\">\n              <div class=\"post-header\">\n                <span class=\"meta\"> 2022-06-11 <\/span>\n                <h3 class=\"title\">WODOWANIE MULTICAT 3313<\/h3>\n              <\/div><!--\/post-header-->\n              <div class=\"excerpt\">\n                Zwodowali\u015bmy jednostk\u0119 o numerze budowy YN571830. Mutlicat 3313 jest pierwszym z serii trzech holownik\u00f3w budowanych w naszej stoczni dla naszego holenderskiego klienta Damen Hardinxveld. Dokumentacja techniczna zosta\u0142a wykonana i dostarczona&hellip;              <\/div>\n            <\/div>\n\n            <div class=\"post-meta\">\n              <span class=\"meta-author\"> <a href=\"https:\/\/nowa.safe.gdynia.pl\/en\/author\/admin\/\"> <i class=\"icon-default-style icon-salient-m-user\"><\/i> admin<\/a> <\/span>\n\n              \n              <div class=\"nectar-love-wrap\">\n                <a href=\"#\" class=\"nectar-love\" id=\"nectar-love-1212\" title=\"Love this\"> <i class=\"icon-salient-heart-2\"><\/i><span class=\"love-text\">Love<\/span><span class=\"total_loves\"><span class=\"nectar-love-count\">0<\/span><\/span><\/a>              <\/div><!--\/nectar-love-wrap-->\n            <\/div>\n\n          <\/div>\n\n        \n      <\/div><!--\/col-->\n\n      \n      <div class=\"col span_3 post-1222 post type-post status-publish format-standard has-post-thumbnail category-wodowanie\" >\n\n        \n            <div class=\"inner-wrap post-1222 post type-post status-publish format-standard has-post-thumbnail category-wodowanie\">\n\n            <a href=\"https:\/\/nowa.safe.gdynia.pl\/en\/wodowanie-beam-trawler-bt3808-yn630\/\"  class=\"img-link\"><span class=\"post-featured-img\"><img loading=\"lazy\" decoding=\"async\" width=\"600\" height=\"403\" src=\"https:\/\/nowa.safe.gdynia.pl\/wp-content\/uploads\/2025\/09\/3-2-1-600x403.jpg\" class=\"attachment-portfolio-thumb size-portfolio-thumb wp-post-image\" alt=\"\" title=\"\" sizes=\"auto, (min-width: 1300px) 25vw, (min-width: 1000px) 33vw, (min-width: 690px) 100vw, 100vw\" srcset=\"https:\/\/nowa.safe.gdynia.pl\/wp-content\/uploads\/2025\/09\/3-2-1-600x403.jpg 600w, https:\/\/nowa.safe.gdynia.pl\/wp-content\/uploads\/2025\/09\/3-2-1-900x604.jpg 900w, https:\/\/nowa.safe.gdynia.pl\/wp-content\/uploads\/2025\/09\/3-2-1-400x269.jpg 400w\" \/><\/span><\/a><span class=\"meta-category\"><a class=\"wodowanie\" href=\"https:\/\/nowa.safe.gdynia.pl\/en\/category\/wodowanie\/\">wodowanie<\/a><\/span><a class=\"entire-meta-link\" href=\"https:\/\/nowa.safe.gdynia.pl\/en\/wodowanie-beam-trawler-bt3808-yn630\/\" ><span class=\"screen-reader-text\">WODOWANIE BEAM TRAWLER BT3808 YN630<\/span><\/a>\n            <div class=\"article-content-wrap\">\n              <div class=\"post-header\">\n                <span class=\"meta\"> 2021-05-26 <\/span>\n                <h3 class=\"title\">WODOWANIE BEAM TRAWLER BT3808 YN630<\/h3>\n              <\/div><!--\/post-header-->\n              <div class=\"excerpt\">\n                26 maja zwodowali\u015bmy kad\u0142ub YN630, bli\u017aniaczy do zwodowanej w kwietniu jednostki Beam Trawler BT3808 o numerze YN629 dla stoczni Maaskant. Wodowanie odby\u0142o si\u0119 dok\u0142adnie tak samo jak to kwietniowe -&hellip;              <\/div>\n            <\/div>\n\n            <div class=\"post-meta\">\n              <span class=\"meta-author\"> <a href=\"https:\/\/nowa.safe.gdynia.pl\/en\/author\/admin\/\"> <i class=\"icon-default-style icon-salient-m-user\"><\/i> admin<\/a> <\/span>\n\n              \n              <div class=\"nectar-love-wrap\">\n                <a href=\"#\" class=\"nectar-love\" id=\"nectar-love-1222\" title=\"Love this\"> <i class=\"icon-salient-heart-2\"><\/i><span class=\"love-text\">Love<\/span><span class=\"total_loves\"><span class=\"nectar-love-count\">0<\/span><\/span><\/a>              <\/div><!--\/nectar-love-wrap-->\n            <\/div>\n\n          <\/div>\n\n        \n      <\/div><!--\/col-->\n\n      \n    <\/div><!--\/blog-recent-->\n\n  \n\t\t\t<\/div> \n\t\t<\/div>\n\t<\/div> \n<\/div><\/div>","protected":false},"excerpt":{"rendered":"26 maja zwodowali\u015bmy kad\u0142ub YN630, bli\u017aniaczy do zwodowanej w kwietniu jednostki Beam Trawler BT3808 o numerze YN629 dla stoczni Maaskant. Wodowanie odby\u0142o si\u0119 dok\u0142adnie tak samo jak to kwietniowe -...","protected":false},"author":1,"featured_media":0,"parent":0,"menu_order":0,"comment_status":"closed","ping_status":"closed","template":"","meta":{"footnotes":""},"class_list":["post-1208","page","type-page","status-publish"],"_links":{"self":[{"href":"https:\/\/nowa.safe.gdynia.pl\/en\/wp-json\/wp\/v2\/pages\/1208","targetHints":{"allow":["GET"]}}],"collection":[{"href":"https:\/\/nowa.safe.gdynia.pl\/en\/wp-json\/wp\/v2\/pages"}],"about":[{"href":"https:\/\/nowa.safe.gdynia.pl\/en\/wp-json\/wp\/v2\/types\/page"}],"author":[{"embeddable":true,"href":"https:\/\/nowa.safe.gdynia.pl\/en\/wp-json\/wp\/v2\/users\/1"}],"replies":[{"embeddable":true,"href":"https:\/\/nowa.safe.gdynia.pl\/en\/wp-json\/wp\/v2\/comments?post=1208"}],"version-history":[{"count":6,"href":"https:\/\/nowa.safe.gdynia.pl\/en\/wp-json\/wp\/v2\/pages\/1208\/revisions"}],"predecessor-version":[{"id":1235,"href":"https:\/\/nowa.safe.gdynia.pl\/en\/wp-json\/wp\/v2\/pages\/1208\/revisions\/1235"}],"wp:attachment":[{"href":"https:\/\/nowa.safe.gdynia.pl\/en\/wp-json\/wp\/v2\/media?parent=1208"}],"curies":[{"name":"wp","href":"https:\/\/api.w.org\/{rel}","templated":true}]}}